{"id":34,"date":"2020-02-11T18:02:08","date_gmt":"2020-02-11T18:02:08","guid":{"rendered":"https:\/\/deadvenus.com\/?page_id=34"},"modified":"2021-02-16T08:29:12","modified_gmt":"2021-02-16T08:29:12","slug":"impressum","status":"publish","type":"page","link":"https:\/\/deadvenus.com\/ja\/impressum\/","title":{"rendered":"\u8457\u4f5c\u6a29"},"content":{"rendered":"<h3>Impressum und Rechtliches<\/h3>\n<p><strong>DESIGN UND REALISATION<\/strong><\/p>\n<p>Michel Obi<br \/>\nCMS: WordPress<br \/>\n<a href=\"http:\/\/www.rockstar-publishing.com\" target=\"_blank\" rel=\"noopener noreferrer\">www.rockstar-publishing.com<\/a><\/p>\n<h3>&nbsp;<\/h3>\n<p><strong>HAFTUNG<\/strong><\/p>\n<p>Obwohl f\u00fcr die Webseite deadvenus.com mit aller Sorgfalt auf die Richtigkeit der ver\u00f6ffentlichten Informationen geachtet wird, \u00fcbernimmt Dead Venus hinsichtlich der inhaltlichen Richtigkeit, Genauigkeit, Aktualit\u00e4t, Zuverl\u00e4ssigkeit und Vollst\u00e4ndigkeit der auf dieser Webseite ver\u00f6ffentlichten und durch die Webseite vermittelten Informationen keine Gew\u00e4hrleistung.<\/p>\n<p>Dead Venus beh\u00e4lt sich ausdr\u00fccklich vor, jederzeit Inhalte ohne Ank\u00fcndigung ganz oder teilweise zu \u00e4ndern, zu l\u00f6schen, zu erg\u00e4nzen oder zeitweise nicht zu ver\u00f6ffentlichen.<\/p>\n<p>Dead Venus schliesst jegliche Haftung f\u00fcr Sch\u00e4den materieller oder immaterieller Art sowie Folgesch\u00e4den, welche aus dem Zugriff oder der Nutzung bzw. Nichtnutzung der auf dieser Webseite ver\u00f6ffentlichten Informationen oder durch diese Webseite vermittelten Informationen, durch Missbrauch der Verbindung, nicht sachgerechte Nutzung oder durch technische St\u00f6rungen entstanden sind, aus.<\/p>\n<h3>&nbsp;<\/h3>\n<p><strong>VERWEISE UND LINKS<\/strong><\/p>\n<p>Verweise und Links auf Webseiten Dritter liegen ausserhalb des Verantwortungsbereichs von Dead Venus. Der Zugriff und die Nutzung solcher Webseiten erfolgen auf eigene Gefahr des Nutzers. Dead Venus hat keinerlei Einfluss auf die Gestaltung, den Inhalt und die Angebote der verkn\u00fcpften Seiten. Informationen und Dienstleistungen von verkn\u00fcpften Webseiten liegen vollumf\u00e4nglich in der Verantwortung des jeweiligen Dritten. Es wird jegliche Verantwortung f\u00fcr solche Webseiten abgelehnt.<\/p>\n<h3>&nbsp;<\/h3>\n<p><strong>DATENSCHUTZ<\/strong><\/p>\n<p>Gest\u00fctzt auf Artikel 13 der schweizerischen Bundesverfassung und die datenschutzrechtlichen Bestimmungen hat jede Person Anspruch auf Schutz ihrer Privatsph\u00e4re sowie auf Schutz vor Missbrauch ihrer pers\u00f6nlichen Daten. Dead Venus h\u00e4lt diese Bestimmungen ein. Pers\u00f6nliche Daten werden streng vertraulich behandelt und weder an Dritte verkauft noch weitergegeben.<\/p>\n<h3>&nbsp;<\/h3>\n<p><strong>COPYRIGHT<\/strong><\/p>\n<p>Die auf den Seiten von deadvenus.com&nbsp;enthaltenen Informationen werden der \u00d6ffentlichkeit zug\u00e4nglich gemacht. Durch das Herunterladen oder Kopieren von Inhalten, Bildern, Fotos oder anderen Daten werden keinerlei Rechte bez\u00fcglich der Inhalte \u00fcbertragen.<\/p>\n<p>Die Urheber- und alle anderen Rechte an Inhalten, Bildern, Fotos oder anderen Dateien auf dieser Webseite geh\u00f6ren Dead Venus oder den speziell genannten Rechtsinhabern. F\u00fcr die Reproduktion oder anderweitige Nutzung jeglicher Elemente ist die schriftliche Zustimmung der Urheberrechtstr\u00e4ger im Voraus einzuholen.<\/p>","protected":false},"excerpt":{"rendered":"<p>Impressum und Rechtliches DESIGN UND REALISATION Michel Obi CMS: WordPress www.rockstar-publishing.com &nbsp; HAFTUNG Obwohl f\u00fcr die Webseite deadvenus.com mit aller Sorgfalt auf die Richtigkeit der ver\u00f6ffentlichten Informationen geachtet wird, \u00fcbernimmt Dead Venus hinsichtlich der inhaltlichen Richtigkeit, Genauigkeit, Aktualit\u00e4t, Zuverl\u00e4ssigkeit und Vollst\u00e4ndigkeit der auf dieser Webseite ver\u00f6ffentlichten und durch die Webseite vermittelten Informationen keine Gew\u00e4hrleistung. Dead Venus beh\u00e4lt sich ausdr\u00fccklich vor, jederzeit Inhalte ohne Ank\u00fcndigung ganz oder teilweise zu \u00e4ndern, zu l\u00f6schen, zu erg\u00e4nzen oder zeitweise nicht zu ver\u00f6ffentlichen. Dead Venus schliesst jegliche Haftung f\u00fcr Sch\u00e4den materieller oder immaterieller Art sowie Folgesch\u00e4den, welche aus dem Zugriff oder der Nutzung bzw. Nichtnutzung der auf dieser Webseite ver\u00f6ffentlichten Informationen oder durch diese Webseite [&hellip;]<\/p>","protected":false},"author":1,"featured_media":0,"parent":0,"menu_order":0,"comment_status":"closed","ping_status":"closed","template":"","meta":{"ocean_post_layout":"full-screen","ocean_both_sidebars_style":"","ocean_both_sidebars_content_width":0,"ocean_both_sidebars_sidebars_width":0,"ocean_sidebar":"0","ocean_second_sidebar":"0","ocean_disable_margins":"enable","ocean_add_body_class":"","ocean_shortcode_before_top_bar":"","ocean_shortcode_after_top_bar":"","ocean_shortcode_before_header":"","ocean_shortcode_after_header":"","ocean_has_shortcode":"","ocean_shortcode_after_title":"","ocean_shortcode_before_footer_widgets":"","ocean_shortcode_after_footer_widgets":"","ocean_shortcode_before_footer_bottom":"","ocean_shortcode_after_footer_bottom":"","ocean_display_top_bar":"default","ocean_display_header":"default","ocean_header_style":"","ocean_center_header_left_menu":"0","ocean_custom_header_template":"0","ocean_custom_logo":0,"ocean_custom_retina_logo":0,"ocean_custom_logo_max_width":0,"ocean_custom_logo_tablet_max_width":0,"ocean_custom_logo_mobile_max_width":0,"ocean_custom_logo_max_height":0,"ocean_custom_logo_tablet_max_height":0,"ocean_custom_logo_mobile_max_height":0,"ocean_header_custom_menu":"0","ocean_menu_typo_font_family":"0","ocean_menu_typo_font_subset":"","ocean_menu_typo_font_size":0,"ocean_menu_typo_font_size_tablet":0,"ocean_menu_typo_font_size_mobile":0,"ocean_menu_typo_font_size_unit":"px","ocean_menu_typo_font_weight":"","ocean_menu_typo_font_weight_tablet":"","ocean_menu_typo_font_weight_mobile":"","ocean_menu_typo_transform":"","ocean_menu_typo_transform_tablet":"","ocean_menu_typo_transform_mobile":"","ocean_menu_typo_line_height":0,"ocean_menu_typo_line_height_tablet":0,"ocean_menu_typo_line_height_mobile":0,"ocean_menu_typo_line_height_unit":"","ocean_menu_typo_spacing":0,"ocean_menu_typo_spacing_tablet":0,"ocean_menu_typo_spacing_mobile":0,"ocean_menu_typo_spacing_unit":"","ocean_menu_link_color":"","ocean_menu_link_color_hover":"","ocean_menu_link_color_active":"","ocean_menu_link_background":"","ocean_menu_link_hover_background":"","ocean_menu_link_active_background":"","ocean_menu_social_links_bg":"","ocean_menu_social_hover_links_bg":"","ocean_menu_social_links_color":"","ocean_menu_social_hover_links_color":"","ocean_disable_title":"on","ocean_disable_heading":"default","ocean_post_title":"","ocean_post_subheading":"","ocean_post_title_style":"","ocean_post_title_background_color":"","ocean_post_title_background":0,"ocean_post_title_bg_image_position":"","ocean_post_title_bg_image_attachment":"","ocean_post_title_bg_image_repeat":"","ocean_post_title_bg_image_size":"","ocean_post_title_height":0,"ocean_post_title_bg_overlay":0.5,"ocean_post_title_bg_overlay_color":"","ocean_disable_breadcrumbs":"default","ocean_breadcrumbs_color":"","ocean_breadcrumbs_separator_color":"","ocean_breadcrumbs_links_color":"","ocean_breadcrumbs_links_hover_color":"","ocean_display_footer_widgets":"default","ocean_display_footer_bottom":"default","ocean_custom_footer_template":"0","footnotes":""},"class_list":["post-34","page","type-page","status-publish","hentry","entry"],"yoast_head":"<!-- This site is optimized with the Yoast SEO plugin v23.5 - https:\/\/yoast.com\/wordpress\/plugins\/seo\/ -->\n<title>Impressum - Everything about the legal interests of deadvenus.com<\/title>\n<meta name=\"description\" content=\"All that legal blah-blah, that doesn&#039;t really interest anyone but still has to be here. By the way: Dead Venus is supported by www.rockstar-publishing.com.\" \/>\n<meta name=\"robots\" content=\"index, follow, max-snippet:-1, max-image-preview:large, max-video-preview:-1\" \/>\n<link rel=\"canonical\" href=\"https:\/\/deadvenus.com\/ja\/impressum\/\" \/>\n<meta property=\"og:locale\" content=\"ja_JP\" \/>\n<meta property=\"og:type\" content=\"article\" \/>\n<meta property=\"og:title\" content=\"Impressum - Everything about the legal interests of deadvenus.com\" \/>\n<meta property=\"og:description\" content=\"All that legal blah-blah, that doesn&#039;t really interest anyone but still has to be here. By the way: Dead Venus is supported by www.rockstar-publishing.com.\" \/>\n<meta property=\"og:url\" content=\"https:\/\/deadvenus.com\/ja\/impressum\/\" \/>\n<meta property=\"og:site_name\" content=\"deadvenus.com\" \/>\n<meta property=\"article:publisher\" content=\"https:\/\/www.facebook.com\/deadvenus\" \/>\n<meta property=\"article:modified_time\" content=\"2021-02-16T08:29:12+00:00\" \/>\n<meta name=\"twitter:card\" content=\"summary_large_image\" \/>\n<meta name=\"twitter:label1\" content=\"\u63a8\u5b9a\u8aad\u307f\u53d6\u308a\u6642\u9593\" \/>\n\t<meta name=\"twitter:data1\" content=\"2\u5206\" \/>\n<script type=\"application\/ld+json\" class=\"yoast-schema-graph\">{\"@context\":\"https:\/\/schema.org\",\"@graph\":[{\"@type\":\"WebPage\",\"@id\":\"https:\/\/deadvenus.com\/impressum\/\",\"url\":\"https:\/\/deadvenus.com\/impressum\/\",\"name\":\"Impressum - Everything about the legal interests of deadvenus.com\",\"isPartOf\":{\"@id\":\"https:\/\/deadvenus.com\/#website\"},\"datePublished\":\"2020-02-11T18:02:08+00:00\",\"dateModified\":\"2021-02-16T08:29:12+00:00\",\"description\":\"All that legal blah-blah, that doesn't really interest anyone but still has to be here. By the way: Dead Venus is supported by www.rockstar-publishing.com.\",\"breadcrumb\":{\"@id\":\"https:\/\/deadvenus.com\/impressum\/#breadcrumb\"},\"inLanguage\":\"ja\",\"potentialAction\":[{\"@type\":\"ReadAction\",\"target\":[\"https:\/\/deadvenus.com\/impressum\/\"]}]},{\"@type\":\"BreadcrumbList\",\"@id\":\"https:\/\/deadvenus.com\/impressum\/#breadcrumb\",\"itemListElement\":[{\"@type\":\"ListItem\",\"position\":1,\"name\":\"Startseite\",\"item\":\"https:\/\/deadvenus.com\/\"},{\"@type\":\"ListItem\",\"position\":2,\"name\":\"Impressum\"}]},{\"@type\":\"WebSite\",\"@id\":\"https:\/\/deadvenus.com\/#website\",\"url\":\"https:\/\/deadvenus.com\/\",\"name\":\"deadvenus.com\",\"description\":\"swiss progrock\",\"publisher\":{\"@id\":\"https:\/\/deadvenus.com\/#organization\"},\"potentialAction\":[{\"@type\":\"SearchAction\",\"target\":{\"@type\":\"EntryPoint\",\"urlTemplate\":\"https:\/\/deadvenus.com\/?s={search_term_string}\"},\"query-input\":{\"@type\":\"PropertyValueSpecification\",\"valueRequired\":true,\"valueName\":\"search_term_string\"}}],\"inLanguage\":\"ja\"},{\"@type\":\"Organization\",\"@id\":\"https:\/\/deadvenus.com\/#organization\",\"name\":\"DEAD VENUS\",\"url\":\"https:\/\/deadvenus.com\/\",\"logo\":{\"@type\":\"ImageObject\",\"inLanguage\":\"ja\",\"@id\":\"https:\/\/deadvenus.com\/#\/schema\/logo\/image\/\",\"url\":\"https:\/\/deadvenus.com\/wp-content\/uploads\/2020\/06\/Dead-Venus-Logo.png\",\"contentUrl\":\"https:\/\/deadvenus.com\/wp-content\/uploads\/2020\/06\/Dead-Venus-Logo.png\",\"width\":600,\"height\":377,\"caption\":\"DEAD VENUS\"},\"image\":{\"@id\":\"https:\/\/deadvenus.com\/#\/schema\/logo\/image\/\"},\"sameAs\":[\"https:\/\/www.facebook.com\/deadvenus\",\"https:\/\/www.instagram.com\/deadvenusofficial\/\",\"https:\/\/www.youtube.com\/channel\/UCj1CPUSdPKKJVeIXo5_KVhQ\"]}]}<\/script>\n<!-- \/ Yoast SEO plugin. -->","yoast_head_json":{"title":"Impressum - Everything about the legal interests of deadvenus.com","description":"All that legal blah-blah, that doesn't really interest anyone but still has to be here. By the way: Dead Venus is supported by www.rockstar-publishing.com.","robots":{"index":"index","follow":"follow","max-snippet":"max-snippet:-1","max-image-preview":"max-image-preview:large","max-video-preview":"max-video-preview:-1"},"canonical":"https:\/\/deadvenus.com\/ja\/impressum\/","og_locale":"ja_JP","og_type":"article","og_title":"Impressum - Everything about the legal interests of deadvenus.com","og_description":"All that legal blah-blah, that doesn't really interest anyone but still has to be here. By the way: Dead Venus is supported by www.rockstar-publishing.com.","og_url":"https:\/\/deadvenus.com\/ja\/impressum\/","og_site_name":"deadvenus.com","article_publisher":"https:\/\/www.facebook.com\/deadvenus","article_modified_time":"2021-02-16T08:29:12+00:00","twitter_card":"summary_large_image","twitter_misc":{"\u63a8\u5b9a\u8aad\u307f\u53d6\u308a\u6642\u9593":"2\u5206"},"schema":{"@context":"https:\/\/schema.org","@graph":[{"@type":"WebPage","@id":"https:\/\/deadvenus.com\/impressum\/","url":"https:\/\/deadvenus.com\/impressum\/","name":"Impressum - Everything about the legal interests of deadvenus.com","isPartOf":{"@id":"https:\/\/deadvenus.com\/#website"},"datePublished":"2020-02-11T18:02:08+00:00","dateModified":"2021-02-16T08:29:12+00:00","description":"All that legal blah-blah, that doesn't really interest anyone but still has to be here. By the way: Dead Venus is supported by www.rockstar-publishing.com.","breadcrumb":{"@id":"https:\/\/deadvenus.com\/impressum\/#breadcrumb"},"inLanguage":"ja","potentialAction":[{"@type":"ReadAction","target":["https:\/\/deadvenus.com\/impressum\/"]}]},{"@type":"BreadcrumbList","@id":"https:\/\/deadvenus.com\/impressum\/#breadcrumb","itemListElement":[{"@type":"ListItem","position":1,"name":"Startseite","item":"https:\/\/deadvenus.com\/"},{"@type":"ListItem","position":2,"name":"Impressum"}]},{"@type":"WebSite","@id":"https:\/\/deadvenus.com\/#website","url":"https:\/\/deadvenus.com\/","name":"deadvenus.com","description":"swiss progrock","publisher":{"@id":"https:\/\/deadvenus.com\/#organization"},"potentialAction":[{"@type":"SearchAction","target":{"@type":"EntryPoint","urlTemplate":"https:\/\/deadvenus.com\/?s={search_term_string}"},"query-input":{"@type":"PropertyValueSpecification","valueRequired":true,"valueName":"search_term_string"}}],"inLanguage":"ja"},{"@type":"Organization","@id":"https:\/\/deadvenus.com\/#organization","name":"DEAD VENUS","url":"https:\/\/deadvenus.com\/","logo":{"@type":"ImageObject","inLanguage":"ja","@id":"https:\/\/deadvenus.com\/#\/schema\/logo\/image\/","url":"https:\/\/deadvenus.com\/wp-content\/uploads\/2020\/06\/Dead-Venus-Logo.png","contentUrl":"https:\/\/deadvenus.com\/wp-content\/uploads\/2020\/06\/Dead-Venus-Logo.png","width":600,"height":377,"caption":"DEAD VENUS"},"image":{"@id":"https:\/\/deadvenus.com\/#\/schema\/logo\/image\/"},"sameAs":["https:\/\/www.facebook.com\/deadvenus","https:\/\/www.instagram.com\/deadvenusofficial\/","https:\/\/www.youtube.com\/channel\/UCj1CPUSdPKKJVeIXo5_KVhQ"]}]}},"_links":{"self":[{"href":"https:\/\/deadvenus.com\/ja\/wp-json\/wp\/v2\/pages\/34","targetHints":{"allow":["GET"]}}],"collection":[{"href":"https:\/\/deadvenus.com\/ja\/wp-json\/wp\/v2\/pages"}],"about":[{"href":"https:\/\/deadvenus.com\/ja\/wp-json\/wp\/v2\/types\/page"}],"author":[{"embeddable":true,"href":"https:\/\/deadvenus.com\/ja\/wp-json\/wp\/v2\/users\/1"}],"replies":[{"embeddable":true,"href":"https:\/\/deadvenus.com\/ja\/wp-json\/wp\/v2\/comments?post=34"}],"version-history":[{"count":17,"href":"https:\/\/deadvenus.com\/ja\/wp-json\/wp\/v2\/pages\/34\/revisions"}],"predecessor-version":[{"id":896,"href":"https:\/\/deadvenus.com\/ja\/wp-json\/wp\/v2\/pages\/34\/revisions\/896"}],"wp:attachment":[{"href":"https:\/\/deadvenus.com\/ja\/wp-json\/wp\/v2\/media?parent=34"}],"curies":[{"name":"wp","href":"https:\/\/api.w.org\/{rel}","templated":true}]}}